{"id":529,"date":"2022-08-05T04:39:31","date_gmt":"2022-08-05T06:39:31","guid":{"rendered":"http:\/\/globay.eu\/?page_id=529"},"modified":"2022-08-05T04:41:31","modified_gmt":"2022-08-05T06:41:31","slug":"es-projektai","status":"publish","type":"page","link":"http:\/\/globay.eu\/lt\/es-projektai\/","title":{"rendered":"ES projektai"},"content":{"rendered":"<p><img loading=\"lazy\" class=\"alignnone size-medium wp-image-531\" src=\"http:\/\/globay.eu\/wp-content\/uploads\/2022\/08\/es-projektai-300x151.png\" alt=\"\" width=\"300\" height=\"151\" srcset=\"http:\/\/globay.eu\/wp-content\/uploads\/2022\/08\/es-projektai-300x151.png 300w, http:\/\/globay.eu\/wp-content\/uploads\/2022\/08\/es-projektai-260x131.png 260w, http:\/\/globay.eu\/wp-content\/uploads\/2022\/08\/es-projektai-50x25.png 50w, http:\/\/globay.eu\/wp-content\/uploads\/2022\/08\/es-projektai-150x75.png 150w, http:\/\/globay.eu\/wp-content\/uploads\/2022\/08\/es-projektai.png 464w\" sizes=\"(max-width: 300px) 100vw, 300px\" \/><\/p>\n<p><strong>Transporto paslaug\u0173<\/strong><strong> klient\u0173 savitarnos komercijos modelis\u00a0 <\/strong><\/p>\n<p>Projekto tikslas-palengvinti transporto paslaugos u\u017esakymus klientams, siekiami rezultatai \u2013 perkelti u\u017esakym\u0173 proces\u0105 \u012f online savitarna. Projektas \u012fgyvendinamas pagal Europos S\u0105jungos atsako \u012f COVID-19 pandemij\u0105 priemon\u0119.<\/p>\n<p>Projekto biud\u017eetas 66000 Eur , skirtas finansavimas 49500 Eur \u00a0ir i\u0161 Europos regionin\u0117s pl\u0117tros fondo.<em><\/p>\n<p><\/em>Projekto \u012fgyvendinimo laikotarpis: 2021-09 iki 2022-10<\/p>\n<p>I\u0161samesn\u0117 informacija apie \u012fmon\u0119 jos vykdom\u0105 veikl\u0105 rasite: globay.eu<\/p>\n","protected":false},"excerpt":{"rendered":"<p>Transporto paslaug\u0173 klient\u0173 savitarnos komercijos modelis\u00a0 Projekto tikslas-palengvinti transporto paslaugos u\u017esakymus klientams, siekiami rezultatai \u2013 perkelti u\u017esakym\u0173 proces\u0105 \u012f online savitarna. Projektas \u012fgyvendinamas pagal Europos S\u0105jungos<span class=\"excerpt-hellip\"> [\u2026]<\/span><\/p>\n","protected":false},"author":1,"featured_media":0,"parent":0,"menu_order":0,"comment_status":"closed","ping_status":"closed","template":"","meta":[],"_links":{"self":[{"href":"http:\/\/globay.eu\/lt\/wp-json\/wp\/v2\/pages\/529"}],"collection":[{"href":"http:\/\/globay.eu\/lt\/wp-json\/wp\/v2\/pages"}],"about":[{"href":"http:\/\/globay.eu\/lt\/wp-json\/wp\/v2\/types\/page"}],"author":[{"embeddable":true,"href":"http:\/\/globay.eu\/lt\/wp-json\/wp\/v2\/users\/1"}],"replies":[{"embeddable":true,"href":"http:\/\/globay.eu\/lt\/wp-json\/wp\/v2\/comments?post=529"}],"version-history":[{"count":2,"href":"http:\/\/globay.eu\/lt\/wp-json\/wp\/v2\/pages\/529\/revisions"}],"predecessor-version":[{"id":533,"href":"http:\/\/globay.eu\/lt\/wp-json\/wp\/v2\/pages\/529\/revisions\/533"}],"wp:attachment":[{"href":"http:\/\/globay.eu\/lt\/wp-json\/wp\/v2\/media?parent=529"}],"curies":[{"name":"wp","href":"https:\/\/api.w.org\/{rel}","templated":true}]}}